{"id":178,"date":"2021-02-25T09:33:41","date_gmt":"2021-02-25T08:33:41","guid":{"rendered":"https:\/\/www.i-reflex.fr\/?page_id=178"},"modified":"2021-05-03T09:36:58","modified_gmt":"2021-05-03T07:36:58","slug":"mentions-legales","status":"publish","type":"page","link":"https:\/\/www.i-reflex.fr\/?page_id=178","title":{"rendered":"Mentions L\u00e9gales"},"content":{"rendered":"\n<p><strong>Si\u00e8ge social<\/strong><br>REFLEX<br>3 rue de Verdun \u2013 78590 NOISY-LE-ROI<br>01 30 80 56 44<br><a rel=\"noreferrer noopener\" href=\"mailto:info@i-reflex.fr\" target=\"_blank\">info@i-reflex.fr<\/a><\/p>\n\n\n\n<p><strong>Forme juridique<\/strong><br>Soci\u00e9t\u00e9 par Actions Simplifi\u00e9es<\/p>\n\n\n\n<p><strong>Capital social<\/strong><br>100 000,000<\/p>\n\n\n\n<p><strong>H\u00e9bergeur<\/strong><br>OVH<br>2 rue Kellermann \u2013 59100 ROUBAIX<\/p>\n\n\n\n<p><strong>Cr\u00e9ateur &amp; Webmaster<\/strong><br>Agence Nova \u2013\u00a0<a href=\"http:\/\/www.agencenova.com\/\" class=\"rank-math-link\">www.agencenova.com<\/a><\/p>\n","protected":false},"excerpt":{"rendered":"<p>Si\u00e8ge socialREFLEX3 rue de Verdun \u2013 78590 NOISY-LE-ROI01 30 80 56 44info@i-reflex.fr Forme juridiqueSoci\u00e9t\u00e9 par Actions Simplifi\u00e9es Capital social100 000,000 H\u00e9bergeurOVH2 rue Kellermann \u2013 59100 ROUBAIX Cr\u00e9ateur &amp; WebmasterAgence Nova \u2013\u00a0www.agencenova.com<\/p>\n","protected":false},"author":3,"featured_media":0,"parent":0,"menu_order":0,"comment_status":"closed","ping_status":"closed","template":"","meta":{"footnotes":""},"class_list":["post-178","page","type-page","status-publish","hentry"],"acf":[],"_links":{"self":[{"href":"https:\/\/www.i-reflex.fr\/index.php?rest_route=\/wp\/v2\/pages\/178","targetHints":{"allow":["GET"]}}],"collection":[{"href":"https:\/\/www.i-reflex.fr\/index.php?rest_route=\/wp\/v2\/pages"}],"about":[{"href":"https:\/\/www.i-reflex.fr\/index.php?rest_route=\/wp\/v2\/types\/page"}],"author":[{"embeddable":true,"href":"https:\/\/www.i-reflex.fr\/index.php?rest_route=\/wp\/v2\/users\/3"}],"replies":[{"embeddable":true,"href":"https:\/\/www.i-reflex.fr\/index.php?rest_route=%2Fwp%2Fv2%2Fcomments&post=178"}],"version-history":[{"count":6,"href":"https:\/\/www.i-reflex.fr\/index.php?rest_route=\/wp\/v2\/pages\/178\/revisions"}],"predecessor-version":[{"id":353,"href":"https:\/\/www.i-reflex.fr\/index.php?rest_route=\/wp\/v2\/pages\/178\/revisions\/353"}],"wp:attachment":[{"href":"https:\/\/www.i-reflex.fr\/index.php?rest_route=%2Fwp%2Fv2%2Fmedia&parent=178"}],"curies":[{"name":"wp","href":"https:\/\/api.w.org\/{rel}","templated":true}]}}